{"id":258,"date":"2017-01-03T14:43:51","date_gmt":"2017-01-03T14:43:51","guid":{"rendered":"http:\/\/www.wood-maxx.ca\/?page_id=258\/"},"modified":"2017-01-19T16:28:31","modified_gmt":"2017-01-19T16:28:31","slug":"advantage","status":"publish","type":"page","link":"https:\/\/www.wood-maxx.ca\/fr\/advantage\/","title":{"rendered":"L&rsquo;Avantage de Wood-Maxx"},"content":{"rendered":"<div class=\"content-column\"><\/p>\n<h1>Le Wood-Maxx est l\u2019ultime vis.<\/h1>\n<p>Elle a \u00e9t\u00e9 sp\u00e9cifiquement con\u00e7u et cr\u00e9\u00e9e pour les fabricants de meubles de bois massif et armoires de cuisine. Elle dispose d&rsquo;une longue coupe de type 17 (T17) pour un per\u00e7age rapide dans m\u00eame le plus dur des bois. Le fil de coupe sp\u00e9cialement con\u00e7u combin\u00e9 avec notre longue coupe T17 \u00e9limine le besoin de pr\u00e9-forage dans la plupart des esp\u00e8ces de bois et de mat\u00e9riaux synth\u00e9tiques. Nous avons incorpor\u00e9 un rev\u00eatement de cire de zinc tr\u00e8s sp\u00e9cial sur nos vis qui r\u00e9duit le frottement et le cisaillement. Vous constaterez que notre tige carr\u00e9e est profonde pour la p\u00e9n\u00e9tration la performance optimale de l&#8217;embout du tournevis Toutes ces caract\u00e9ristiques se combinent pour faire de Wood-Maxx l\u2019ultime vis \u00e0 bois dans l&rsquo;industrie.<\/p>\n<h1>Rev\u00eatement de zinc sp\u00e9cial<\/h1>\n<p>Le rev\u00eatement sp\u00e9cial de cire de zinc sur la vis Wood-Maxx offre des performances in\u00e9gal\u00e9es, ce qui r\u00e9duit le couple n\u00e9cessaire pour visser les vis.  Il en r\u00e9sulte une diminution de la fatigue de l&rsquo;utilisateur, ce qui diminue le risque potentiel de syndrome de stress r\u00e9p\u00e9titif ou tendinite du poignet, provoqu\u00e9 par le vissage continue des vis.<\/p>\n<h1>Emballage<\/h1>\n<p>Pots et seaux transparents permettent la v\u00e9rification pratique des niveaux de stocks en un clin de \u0153il. Les seaux restent intacts, m\u00eame lorsqu&rsquo;ils sont en contact avec l&rsquo;humidit\u00e9. Une poign\u00e9e de transport pratique soulage les maux de dos.<\/p>\n<p>&nbsp;<\/p>\n<p><\/div>\n<div class=\"content-column\"><\/p>\n<h1>Aucun pr\u00e9-per\u00e7age requis.<\/h1>\n<p>La vis Wood-Maxx est con\u00e7u avec une longue coupe T17 combin\u00e9 avec le fil de coupe de l&rsquo;aster et 21-23\u00b0 de pointe aigu\u00eb. Cela permet aux vis d\u2019\u00eatre viss\u00e9s dans m\u00eame les bois les plus difficiles sans pr\u00e9-per\u00e7age d&rsquo;un avant-trou.<\/p>\n<h1>Tirage simple<\/h1>\n<p>Le fil du Wood-Maxx est con\u00e7u pour un tirage simple vers le bas dans tous les types de bois. La poussi\u00e8re de bois est forc\u00e9e vers le haut et hors du trou, \u00e9liminant le besoin de sortir la vis et de revisser pour atteindre le bas.<\/p>\n<h1>Tarification et \u00e9conomie<\/h1>\n<p>Le Wood-Maxx est une ligne de produits premium. Le facteur important lors du passage au Wood-Maxx est combien de temps et d&rsquo;argent l\u2019utilisateur \u00e9conomisera. Elle offre une plus grande efficacit\u00e9, une p\u00e9n\u00e9tration plus rapide, moins de d\u00e9chets et moins de contrainte et d&rsquo;effort. Les vraies \u00e9conomies r\u00e9alis\u00e9es une fois que vous d\u00e9marrez le programme Wood-Maxx sont plus que le prix pay\u00e9 pour les vis elles-m\u00eames.<\/p>\n<h1>Fabrication<\/h1>\n<p>Le programme Wood-Maxx est fabriqu\u00e9 selon les normes les plus \u00e9lev\u00e9es de qualit\u00e9 possibles par Robertson Inc.<\/p>\n<h1>Comp\u00e9tition<\/h1>\n<p>Aucun autre fabricant de vis ou importateur de vis n&rsquo;a concentr\u00e9 et con\u00e7u son programme de vis sp\u00e9cialement pour l\u2019industrie du bois.<\/p>\n<h1>Conducteur Cling Fit <\/h1>\n<p>Une assise extra confortable sur les embouts du tournevis original Robertson ce qui permettra d\u2019\u00e9liminer la frustration de voir des vis tomber lorsque le mat\u00e9riel est align\u00e9, ou lorsque vous travaillez \u00e0 un angle maladroit.<\/p>\n<p><\/div>\n","protected":false},"excerpt":{"rendered":"","protected":false},"author":3,"featured_media":0,"parent":0,"menu_order":0,"comment_status":"open","ping_status":"closed","template":"","meta":{"_acf_changed":false,"footnotes":""},"class_list":["post-258","page","type-page","status-publish","hentry"],"acf":[],"yoast_head":"<!-- This site is optimized with the Yoast SEO plugin v27.2 - https:\/\/yoast.com\/product\/yoast-seo-wordpress\/ -->\n<title>L&#039;Avantage de Wood-Maxx - Wood-Maxx Screws<\/title>\n<meta name=\"robots\" content=\"index, follow, max-snippet:-1, max-image-preview:large, max-video-preview:-1\" \/>\n<link rel=\"canonical\" href=\"https:\/\/www.wood-maxx.ca\/fr\/advantage\/\" \/>\n<meta property=\"og:locale\" content=\"fr_FR\" \/>\n<meta property=\"og:type\" content=\"article\" \/>\n<meta property=\"og:title\" content=\"L&#039;Avantage de Wood-Maxx - Wood-Maxx Screws\" \/>\n<meta property=\"og:url\" content=\"https:\/\/www.wood-maxx.ca\/fr\/advantage\/\" \/>\n<meta property=\"og:site_name\" content=\"Wood-Maxx Screws\" \/>\n<meta property=\"article:modified_time\" content=\"2017-01-19T16:28:31+00:00\" \/>\n<meta name=\"twitter:label1\" content=\"Dur\u00e9e de lecture estim\u00e9e\" \/>\n\t<meta name=\"twitter:data1\" content=\"3 minutes\" \/>\n<script type=\"application\/ld+json\" class=\"yoast-schema-graph\">{\"@context\":\"https:\/\/schema.org\",\"@graph\":[{\"@type\":\"WebPage\",\"@id\":\"https:\/\/www.wood-maxx.ca\/fr\/advantage\/\",\"url\":\"https:\/\/www.wood-maxx.ca\/fr\/advantage\/\",\"name\":\"L'Avantage de Wood-Maxx - Wood-Maxx Screws\",\"isPartOf\":{\"@id\":\"https:\/\/www.wood-maxx.ca\/fr\/#website\"},\"datePublished\":\"2017-01-03T14:43:51+00:00\",\"dateModified\":\"2017-01-19T16:28:31+00:00\",\"breadcrumb\":{\"@id\":\"https:\/\/www.wood-maxx.ca\/fr\/advantage\/#breadcrumb\"},\"inLanguage\":\"fr-FR\",\"potentialAction\":[{\"@type\":\"ReadAction\",\"target\":[\"https:\/\/www.wood-maxx.ca\/fr\/advantage\/\"]}]},{\"@type\":\"BreadcrumbList\",\"@id\":\"https:\/\/www.wood-maxx.ca\/fr\/advantage\/#breadcrumb\",\"itemListElement\":[{\"@type\":\"ListItem\",\"position\":1,\"name\":\"Home\",\"item\":\"https:\/\/www.wood-maxx.ca\/fr\/\"},{\"@type\":\"ListItem\",\"position\":2,\"name\":\"L&rsquo;Avantage de Wood-Maxx\"}]},{\"@type\":\"WebSite\",\"@id\":\"https:\/\/www.wood-maxx.ca\/fr\/#website\",\"url\":\"https:\/\/www.wood-maxx.ca\/fr\/\",\"name\":\"Wood-Maxx Screws\",\"description\":\"\",\"potentialAction\":[{\"@type\":\"SearchAction\",\"target\":{\"@type\":\"EntryPoint\",\"urlTemplate\":\"https:\/\/www.wood-maxx.ca\/fr\/?s={search_term_string}\"},\"query-input\":{\"@type\":\"PropertyValueSpecification\",\"valueRequired\":true,\"valueName\":\"search_term_string\"}}],\"inLanguage\":\"fr-FR\"}]}<\/script>\n<!-- \/ Yoast SEO plugin. -->","yoast_head_json":{"title":"L'Avantage de Wood-Maxx - Wood-Maxx Screws","robots":{"index":"index","follow":"follow","max-snippet":"max-snippet:-1","max-image-preview":"max-image-preview:large","max-video-preview":"max-video-preview:-1"},"canonical":"https:\/\/www.wood-maxx.ca\/fr\/advantage\/","og_locale":"fr_FR","og_type":"article","og_title":"L'Avantage de Wood-Maxx - Wood-Maxx Screws","og_url":"https:\/\/www.wood-maxx.ca\/fr\/advantage\/","og_site_name":"Wood-Maxx Screws","article_modified_time":"2017-01-19T16:28:31+00:00","twitter_misc":{"Dur\u00e9e de lecture estim\u00e9e":"3 minutes"},"schema":{"@context":"https:\/\/schema.org","@graph":[{"@type":"WebPage","@id":"https:\/\/www.wood-maxx.ca\/fr\/advantage\/","url":"https:\/\/www.wood-maxx.ca\/fr\/advantage\/","name":"L'Avantage de Wood-Maxx - Wood-Maxx Screws","isPartOf":{"@id":"https:\/\/www.wood-maxx.ca\/fr\/#website"},"datePublished":"2017-01-03T14:43:51+00:00","dateModified":"2017-01-19T16:28:31+00:00","breadcrumb":{"@id":"https:\/\/www.wood-maxx.ca\/fr\/advantage\/#breadcrumb"},"inLanguage":"fr-FR","potentialAction":[{"@type":"ReadAction","target":["https:\/\/www.wood-maxx.ca\/fr\/advantage\/"]}]},{"@type":"BreadcrumbList","@id":"https:\/\/www.wood-maxx.ca\/fr\/advantage\/#breadcrumb","itemListElement":[{"@type":"ListItem","position":1,"name":"Home","item":"https:\/\/www.wood-maxx.ca\/fr\/"},{"@type":"ListItem","position":2,"name":"L&rsquo;Avantage de Wood-Maxx"}]},{"@type":"WebSite","@id":"https:\/\/www.wood-maxx.ca\/fr\/#website","url":"https:\/\/www.wood-maxx.ca\/fr\/","name":"Wood-Maxx Screws","description":"","potentialAction":[{"@type":"SearchAction","target":{"@type":"EntryPoint","urlTemplate":"https:\/\/www.wood-maxx.ca\/fr\/?s={search_term_string}"},"query-input":{"@type":"PropertyValueSpecification","valueRequired":true,"valueName":"search_term_string"}}],"inLanguage":"fr-FR"}]}},"_links":{"self":[{"href":"https:\/\/www.wood-maxx.ca\/fr\/wp-json\/wp\/v2\/pages\/258","targetHints":{"allow":["GET"]}}],"collection":[{"href":"https:\/\/www.wood-maxx.ca\/fr\/wp-json\/wp\/v2\/pages"}],"about":[{"href":"https:\/\/www.wood-maxx.ca\/fr\/wp-json\/wp\/v2\/types\/page"}],"author":[{"embeddable":true,"href":"https:\/\/www.wood-maxx.ca\/fr\/wp-json\/wp\/v2\/users\/3"}],"replies":[{"embeddable":true,"href":"https:\/\/www.wood-maxx.ca\/fr\/wp-json\/wp\/v2\/comments?post=258"}],"version-history":[{"count":0,"href":"https:\/\/www.wood-maxx.ca\/fr\/wp-json\/wp\/v2\/pages\/258\/revisions"}],"wp:attachment":[{"href":"https:\/\/www.wood-maxx.ca\/fr\/wp-json\/wp\/v2\/media?parent=258"}],"curies":[{"name":"wp","href":"https:\/\/api.w.org\/{rel}","templated":true}]}}