{"id":256,"date":"2017-01-03T14:39:26","date_gmt":"2017-01-03T14:39:26","guid":{"rendered":"http:\/\/www.wood-maxx.ca\/?page_id=256\/"},"modified":"2017-01-19T16:38:14","modified_gmt":"2017-01-19T16:38:14","slug":"lhistoire-de-wood-maxx","status":"publish","type":"page","link":"https:\/\/www.wood-maxx.ca\/fr\/lhistoire-de-wood-maxx\/","title":{"rendered":"L&rsquo;Histoire de Wood-Maxx"},"content":{"rendered":"<div class=\"content-column\"><\/p>\n<p><strong>Bienvenue \u00e0 Wood-Maxx<\/strong>, la solution innovante de fixation pour tous types de travail de bois et de construction d&rsquo;armoires.<\/p>\n<p>Apr\u00e8s observation du fait que les menuisiers et \u00e9b\u00e9nistes deviennent frustr\u00e9s par les d\u00e9croissants normes de qualit\u00e9 de l&rsquo;industrie de fixation, une gamme de bois de qualit\u00e9, fabriqu\u00e9 par Robertson, la vis \u00e0 bois a \u00e9t\u00e9 d\u00e9velopp\u00e9.<\/p>\n<p><\/div>\n<div class=\"content-column\"><\/p>\n<p>En 2013, le programme a \u00e9t\u00e9 vendu; Wood-Maxx Inc. a ensuite \u00e9t\u00e9 mis en place, la vente en gros aux distributeurs et aux d\u00e9taillants partout au Canada. Notre produit ne n\u00e9cessite aucun pr\u00e9-per\u00e7age et passe facilement \u00e0 travers les feuillus communs, avec la satisfaction de la client\u00e8le \u00e0 100%.<\/p>\n<p>Wood-Maxx innove avec service \u00e0 la client\u00e8le rapide, amical de haut niveau desservant les localit\u00e9s partout au Canada. Regarder une <a href=\"https:\/\/www.youtube.com\/embed\/a50WRDh4xCM?rel=0\" target=\"_blank\">vid\u00e9o d&rsquo;introduction <\/a>\u00e0 Wood-Maxx, l\u2019ultime vis \u00e0 bois pour les menuisiers.<\/p>\n<p><\/div>\n","protected":false},"excerpt":{"rendered":"","protected":false},"author":3,"featured_media":0,"parent":0,"menu_order":0,"comment_status":"open","ping_status":"closed","template":"page-employee.php","meta":{"_acf_changed":false,"footnotes":""},"class_list":["post-256","page","type-page","status-publish","hentry"],"acf":[],"yoast_head":"<!-- This site is optimized with the Yoast SEO plugin v27.2 - https:\/\/yoast.com\/product\/yoast-seo-wordpress\/ -->\n<title>L&#039;Histoire de Wood-Maxx - Wood-Maxx Screws<\/title>\n<meta name=\"robots\" content=\"index, follow, max-snippet:-1, max-image-preview:large, max-video-preview:-1\" \/>\n<link rel=\"canonical\" href=\"https:\/\/www.wood-maxx.ca\/fr\/lhistoire-de-wood-maxx\/\" \/>\n<meta property=\"og:locale\" content=\"fr_FR\" \/>\n<meta property=\"og:type\" content=\"article\" \/>\n<meta property=\"og:title\" content=\"L&#039;Histoire de Wood-Maxx - Wood-Maxx Screws\" \/>\n<meta property=\"og:url\" content=\"https:\/\/www.wood-maxx.ca\/fr\/lhistoire-de-wood-maxx\/\" \/>\n<meta property=\"og:site_name\" content=\"Wood-Maxx Screws\" \/>\n<meta property=\"article:modified_time\" content=\"2017-01-19T16:38:14+00:00\" \/>\n<meta name=\"twitter:label1\" content=\"Dur\u00e9e de lecture estim\u00e9e\" \/>\n\t<meta name=\"twitter:data1\" content=\"1 minute\" \/>\n<script type=\"application\/ld+json\" class=\"yoast-schema-graph\">{\"@context\":\"https:\/\/schema.org\",\"@graph\":[{\"@type\":\"WebPage\",\"@id\":\"https:\/\/www.wood-maxx.ca\/fr\/lhistoire-de-wood-maxx\/\",\"url\":\"https:\/\/www.wood-maxx.ca\/fr\/lhistoire-de-wood-maxx\/\",\"name\":\"L'Histoire de Wood-Maxx - Wood-Maxx Screws\",\"isPartOf\":{\"@id\":\"https:\/\/www.wood-maxx.ca\/fr\/#website\"},\"datePublished\":\"2017-01-03T14:39:26+00:00\",\"dateModified\":\"2017-01-19T16:38:14+00:00\",\"breadcrumb\":{\"@id\":\"https:\/\/www.wood-maxx.ca\/fr\/lhistoire-de-wood-maxx\/#breadcrumb\"},\"inLanguage\":\"fr-FR\",\"potentialAction\":[{\"@type\":\"ReadAction\",\"target\":[\"https:\/\/www.wood-maxx.ca\/fr\/lhistoire-de-wood-maxx\/\"]}]},{\"@type\":\"BreadcrumbList\",\"@id\":\"https:\/\/www.wood-maxx.ca\/fr\/lhistoire-de-wood-maxx\/#breadcrumb\",\"itemListElement\":[{\"@type\":\"ListItem\",\"position\":1,\"name\":\"Home\",\"item\":\"https:\/\/www.wood-maxx.ca\/fr\/\"},{\"@type\":\"ListItem\",\"position\":2,\"name\":\"L&rsquo;Histoire de Wood-Maxx\"}]},{\"@type\":\"WebSite\",\"@id\":\"https:\/\/www.wood-maxx.ca\/fr\/#website\",\"url\":\"https:\/\/www.wood-maxx.ca\/fr\/\",\"name\":\"Wood-Maxx Screws\",\"description\":\"\",\"potentialAction\":[{\"@type\":\"SearchAction\",\"target\":{\"@type\":\"EntryPoint\",\"urlTemplate\":\"https:\/\/www.wood-maxx.ca\/fr\/?s={search_term_string}\"},\"query-input\":{\"@type\":\"PropertyValueSpecification\",\"valueRequired\":true,\"valueName\":\"search_term_string\"}}],\"inLanguage\":\"fr-FR\"}]}<\/script>\n<!-- \/ Yoast SEO plugin. -->","yoast_head_json":{"title":"L'Histoire de Wood-Maxx - Wood-Maxx Screws","robots":{"index":"index","follow":"follow","max-snippet":"max-snippet:-1","max-image-preview":"max-image-preview:large","max-video-preview":"max-video-preview:-1"},"canonical":"https:\/\/www.wood-maxx.ca\/fr\/lhistoire-de-wood-maxx\/","og_locale":"fr_FR","og_type":"article","og_title":"L'Histoire de Wood-Maxx - Wood-Maxx Screws","og_url":"https:\/\/www.wood-maxx.ca\/fr\/lhistoire-de-wood-maxx\/","og_site_name":"Wood-Maxx Screws","article_modified_time":"2017-01-19T16:38:14+00:00","twitter_misc":{"Dur\u00e9e de lecture estim\u00e9e":"1 minute"},"schema":{"@context":"https:\/\/schema.org","@graph":[{"@type":"WebPage","@id":"https:\/\/www.wood-maxx.ca\/fr\/lhistoire-de-wood-maxx\/","url":"https:\/\/www.wood-maxx.ca\/fr\/lhistoire-de-wood-maxx\/","name":"L'Histoire de Wood-Maxx - Wood-Maxx Screws","isPartOf":{"@id":"https:\/\/www.wood-maxx.ca\/fr\/#website"},"datePublished":"2017-01-03T14:39:26+00:00","dateModified":"2017-01-19T16:38:14+00:00","breadcrumb":{"@id":"https:\/\/www.wood-maxx.ca\/fr\/lhistoire-de-wood-maxx\/#breadcrumb"},"inLanguage":"fr-FR","potentialAction":[{"@type":"ReadAction","target":["https:\/\/www.wood-maxx.ca\/fr\/lhistoire-de-wood-maxx\/"]}]},{"@type":"BreadcrumbList","@id":"https:\/\/www.wood-maxx.ca\/fr\/lhistoire-de-wood-maxx\/#breadcrumb","itemListElement":[{"@type":"ListItem","position":1,"name":"Home","item":"https:\/\/www.wood-maxx.ca\/fr\/"},{"@type":"ListItem","position":2,"name":"L&rsquo;Histoire de Wood-Maxx"}]},{"@type":"WebSite","@id":"https:\/\/www.wood-maxx.ca\/fr\/#website","url":"https:\/\/www.wood-maxx.ca\/fr\/","name":"Wood-Maxx Screws","description":"","potentialAction":[{"@type":"SearchAction","target":{"@type":"EntryPoint","urlTemplate":"https:\/\/www.wood-maxx.ca\/fr\/?s={search_term_string}"},"query-input":{"@type":"PropertyValueSpecification","valueRequired":true,"valueName":"search_term_string"}}],"inLanguage":"fr-FR"}]}},"_links":{"self":[{"href":"https:\/\/www.wood-maxx.ca\/fr\/wp-json\/wp\/v2\/pages\/256","targetHints":{"allow":["GET"]}}],"collection":[{"href":"https:\/\/www.wood-maxx.ca\/fr\/wp-json\/wp\/v2\/pages"}],"about":[{"href":"https:\/\/www.wood-maxx.ca\/fr\/wp-json\/wp\/v2\/types\/page"}],"author":[{"embeddable":true,"href":"https:\/\/www.wood-maxx.ca\/fr\/wp-json\/wp\/v2\/users\/3"}],"replies":[{"embeddable":true,"href":"https:\/\/www.wood-maxx.ca\/fr\/wp-json\/wp\/v2\/comments?post=256"}],"version-history":[{"count":0,"href":"https:\/\/www.wood-maxx.ca\/fr\/wp-json\/wp\/v2\/pages\/256\/revisions"}],"wp:attachment":[{"href":"https:\/\/www.wood-maxx.ca\/fr\/wp-json\/wp\/v2\/media?parent=256"}],"curies":[{"name":"wp","href":"https:\/\/api.w.org\/{rel}","templated":true}]}}